{"id":8104,"date":"2024-08-05T14:58:54","date_gmt":"2024-08-05T21:58:54","guid":{"rendered":"https:\/\/www.marinrcd.org\/programs\/home2\/?page_id=8104"},"modified":"2024-11-04T14:08:03","modified_gmt":"2024-11-04T22:08:03","slug":"carbon-farming-2","status":"publish","type":"page","link":"https:\/\/www.marinrcd.org\/programs\/home2\/carbon-farming-2\/","title":{"rendered":"Carbon Farming"},"content":{"rendered":"[et_pb_section fb_built=&#8221;1&#8243; fullwidth=&#8221;on&#8221; _builder_version=&#8221;4.16&#8243; _module_preset=&#8221;default&#8221; background_image=&#8221;https:\/\/www.marinrcd.org\/wp\/wp-content\/uploads\/2021\/05\/cow-in-field-clouds-background-image-scaled.jpg&#8221; background_position=&#8221;bottom_center&#8221; min_height=&#8221;11vw&#8221; min_height_tablet=&#8221;&#8221; min_height_phone=&#8221;&#8221; min_height_last_edited=&#8221;on|phone&#8221; height=&#8221;10vw&#8221; custom_margin=&#8221;0px||||false|false&#8221; custom_padding=&#8221;82px||||false|false&#8221; global_colors_info=&#8221;{}&#8221;][\/et_pb_section][et_pb_section fb_built=&#8221;1&#8243; use_custom_gutter=&#8221;on&#8221; gutter_width=&#8221;1&#8243; specialty=&#8221;on&#8221; padding_right_2=&#8221;3vw&#8221; padding_left_1=&#8221;3vw&#8221; padding_top_bottom_link_1=&#8221;false&#8221; padding_top_bottom_link_2=&#8221;false&#8221; padding_left_right_link_1=&#8221;false&#8221; padding_left_right_link_2=&#8221;false&#8221; _builder_version=&#8221;4.16&#8243; _module_preset=&#8221;default&#8221; inner_width=&#8221;100%&#8221; custom_margin=&#8221;-2px||||false|false&#8221; custom_padding=&#8221;2vw||3vw||false|false&#8221; global_colors_info=&#8221;{}&#8221;][et_pb_column type=&#8221;2_3&#8243; specialty_columns=&#8221;2&#8243; _builder_version=&#8221;4.16&#8243; custom_padding=&#8221;|||&#8221; global_colors_info=&#8221;{}&#8221; custom_padding__hover=&#8221;|||&#8221;][et_pb_row_inner _builder_version=&#8221;4.16&#8243; _module_preset=&#8221;default&#8221; min_height=&#8221;51px&#8221; custom_margin=&#8221;1vw||||false|false&#8221; custom_padding=&#8221;0px||1px||false|false&#8221; global_colors_info=&#8221;{}&#8221;][et_pb_column_inner saved_specialty_column_type=&#8221;2_3&#8243; _builder_version=&#8221;4.16&#8243; _module_preset=&#8221;default&#8221; global_colors_info=&#8221;{}&#8221;][et_pb_text _builder_version=&#8221;4.16&#8243; _module_preset=&#8221;default&#8221; header_font_size=&#8221;31px&#8221; custom_margin=&#8221;||0px||false|false&#8221; custom_padding=&#8221;||0px||false|false&#8221; global_colors_info=&#8221;{}&#8221;]\n<h1>RESUMEN DE CULTIVO DEL CARBONO\u00a0<\/h1>\n[\/et_pb_text][\/et_pb_column_inner][\/et_pb_row_inner][et_pb_row_inner _builder_version=&#8221;4.16&#8243; _module_preset=&#8221;default&#8221; custom_padding=&#8221;1vw||||false|false&#8221; global_colors_info=&#8221;{}&#8221;][et_pb_column_inner saved_specialty_column_type=&#8221;2_3&#8243; _builder_version=&#8221;4.16&#8243; _module_preset=&#8221;default&#8221; global_colors_info=&#8221;{}&#8221;][et_pb_text _builder_version=&#8221;4.24.2&#8243; _module_preset=&#8221;default&#8221; text_font=&#8221;|600|||||||&#8221; header_text_color=&#8221;#333c5a&#8221; header_2_font=&#8221;|600|||||||&#8221; header_2_text_color=&#8221;#4c5a86&#8243; header_3_text_color=&#8221;#808cb3&#8243; header_4_font=&#8221;|600|on||||||&#8221; header_4_text_color=&#8221;#506477&#8243; header_4_font_size=&#8221;17px&#8221; header_5_font=&#8221;|600|||||||&#8221; header_5_text_color=&#8221;#9aa132&#8243; header_5_font_size=&#8221;16.5px&#8221; header_6_font=&#8221;|600|||||||&#8221; header_6_text_color=&#8221;#a3b201&#8243; header_6_font_size=&#8221;13px&#8221; custom_margin=&#8221;|3vw|||false|false&#8221; custom_margin_tablet=&#8221;&#8221; custom_margin_phone=&#8221;&#8221; custom_margin_last_edited=&#8221;on|phone&#8221; custom_padding=&#8221;||0px||false|false&#8221; saved_tabs=&#8221;all&#8221; global_colors_info=&#8221;{}&#8221;]\n<h2><span style=\"font-size: 22px;\">Programa de Cultivo del Carbono del Marin RCD<\/span><\/h2>\n<p>En nuestro programa de cultivo del Carbono, Marin RCD provee a granjeros y rancheros con asistencia t\u00e9cnica y financiera para la planeaci\u00f3n, dise\u00f1o e implementaci\u00f3n de pr\u00e1cticas beneficiosas para el carbono.<\/p>\n<p>Desde 2008, Marin RCD ha estado directamente involucrado en la investigaci\u00f3n, planeaci\u00f3n e implementaci\u00f3n de la captura de carbono, como socio en el \u201c <a href=\"https:\/\/www.marinclimateaction.org\/\">Marin Carbon Project <\/a>\u201d. El \u201cMarin Carbon Project\u201d, una asociaci\u00f3n de organizaciones agr\u00edcolas locales, conservacionistas y organizaciones del condado, busca asistir a propietarios y representantes de propiedades en c\u00f3mo pueden servir como administradores de la salud de la tierra. El objetivo es emprender el cultivo del carbono de manera que aumente la productividad y viabilidad de las granjas, mejorar las funciones de ecosistemas y detener y revertir el cambio clim\u00e1tico.<\/p>\n<p>A partir de 2020, Marin RCS y sus socios en el Proyecto de Carbono han completado 19 Planes de Cultivo del Carbono. Actualmente, Marin RCS est\u00e1 completando un nuevo proyecto y tiene una lista de espera de 68 parcelas interesadas en recibir un plan.Cont\u00e1ctenos si le gustar\u00eda ser a\u00f1adido a nuestra lista.<\/p>\n<h4 style=\"text-align: center;\">\u00a1Vea el creciente inter\u00e9s local en el cultivo de carbono!<\/h4>\n<p><a href=\"https:\/\/www.marinrcd.org\/wp\/wp-content\/uploads\/2021\/06\/Carbon_Farming_Website_Map.pdf\" target=\"_blank\" rel=\"noopener\"><img loading=\"lazy\" decoding=\"async\" src=\"https:\/\/www.marinrcd.org\/wp\/wp-content\/uploads\/2021\/06\/Screen-Shot-2021-06-03-at-13.40.36.png\" alt=\"\" class=\"wp-image-5147 alignnone size-full\" style=\"display: block; margin-left: auto; margin-right: auto;\" width=\"593\" height=\"766\" \/><\/a><\/p>\n<h6 style=\"text-align: center;\">Actualizado en Abril de 2021. Haga clic en el mapa para descargar el PDF.<\/h6>\n<p>Para m\u00e1s asistencia t\u00e9cnica y financiera, consulte la barra lateral llamada \u201cFinanciamiento\u201d y nuestras p\u00e1ginas web sobre el cultivo del carbono vinculadas aqu\u00ed.<\/p>\n<ul>\n<li><a href=\"https:\/\/www.marinrcd.org\/carbon-farming\/carbon-farm-planning\/?et_fb=1&amp;PageSpeed=off\">Cultivo de Carbono: P<span>lanificaci\u00f3n<\/span><\/a><\/li>\n<li><a href=\"https:\/\/www.marinrcd.org\/carbon-farm-implementation\/\" target=\"_blank\" rel=\"noopener\">Cultivo de Carbono: Pagina de Dise\u00f1o e Implementaci\u00f3n<\/a><\/li>\n<li><a href=\"https:\/\/www.marinrcd.org\/programs\/cdfa-healthy-soils-program-2020-2\/\" target=\"_blank\" rel=\"noopener\">Cultivo de Carbono:\u00a0 Pagina de CDFA de Suelos Sanos\u00a0<\/a><\/li>\n<\/ul>\n<p>En Diciembre de 2020, la Junta de Supervisores de Marin adopt\u00f3 un <a href=\"https:\/\/www.marinrcd.org\/wp\/wp-content\/uploads\/2021\/06\/cap-2030_12082020final.pdf\">Plan De Acci\u00f3n Clim\u00e1tica<\/a> actualizado que resume c\u00f3mo el condado va a mitigar y adaptarse al cambio clim\u00e1tico y establece objetivos y medidas para 2030. Como se indica en la p\u00e1gina 46 del plan, \u201cel sector agricula puede reducir emisiones de producci\u00f3n, secuestrar el carbono y construir reservas de carbono en el suelo, y desempe\u00f1ar un papel en los esfuerzos intersectoriales para destacar los beneficios ecol\u00f3gicos a tierras naturales.\u201d<\/p>\n<p>Todo para decir, que el cultivo del carbono es y puede ser la soluci\u00f3n para cumplir nuestros objetivos clim\u00e1ticos locales de adaptaci\u00f3n y mitigaci\u00f3n. <a href=\"https:\/\/www.marincounty.gov\/departments\/cda\/sustainability\/climate-action-plan\">Puede leer m\u00e1s aqu\u00ed.<\/a><\/p>\n<h2><\/h2>\n<h2><\/h2>\n<p><span style=\"color: #808000; font-size: x-large;\"><em><a href=\"https:\/\/www.marinrcd.org\/wp\/wp-content\/uploads\/2021\/06\/Website_CF-Factsheet_Spanish_AlamedaRCD.pdf\" target=\"_blank\" rel=\"noopener\" style=\"color: #808000; text-decoration: underline;\">\u00bfQu\u00e9 es el Cultivo de Carbono?<\/a><\/em><\/span><\/p>\n<p>&nbsp;<\/p>\n[\/et_pb_text][\/et_pb_column_inner][\/et_pb_row_inner][\/et_pb_column][et_pb_column type=&#8221;1_3&#8243; _builder_version=&#8221;4.16&#8243; custom_padding=&#8221;|||&#8221; global_colors_info=&#8221;{}&#8221; custom_padding__hover=&#8221;|||&#8221;][et_pb_button button_url=&#8221;https:\/\/www.marinrcd.org\/wp\/wp-content\/uploads\/2022\/06\/CuidarALosBordes.Spanish.Reduced.pdf&#8221; url_new_window=&#8221;on&#8221; button_text=&#8221;\u00a1Explore el nuevo folleto sobre la plantaci\u00f3n de cerca de arbustos por el Marin RCD!&#8221; _builder_version=&#8221;4.17.4&#8243; _module_preset=&#8221;default&#8221; custom_margin=&#8221;1vw||2vw|3vw|false|false&#8221; locked=&#8221;off&#8221; global_colors_info=&#8221;{}&#8221;][\/et_pb_button][et_pb_button button_url=&#8221;https:\/\/www.marinrcd.org\/programs\/home2\/apply-spanish\/&#8221; button_text=&#8221;Ayuda para Proyectos de Agricultura &#8221; _builder_version=&#8221;4.24.2&#8243; _module_preset=&#8221;default&#8221; custom_margin=&#8221;2vw||2vw|3vw|false|false&#8221; global_colors_info=&#8221;{}&#8221;][\/et_pb_button][et_pb_button button_url=&#8221;https:\/\/www.marinrcd.org\/programs\/home2\/marin-rcds-story\/&#8221; button_text=&#8221;La Historia del Marin RCD&#8221; _builder_version=&#8221;4.24.2&#8243; _module_preset=&#8221;default&#8221; custom_margin=&#8221;2vw||2vw|3vw|false|false&#8221; global_colors_info=&#8221;{}&#8221;][\/et_pb_button][\/et_pb_column][\/et_pb_section]\n","protected":false},"excerpt":{"rendered":"<p>RESUMEN DE CULTIVO DEL CARBONO\u00a0Programa de Cultivo del Carbono del Marin RCD En nuestro programa de cultivo del Carbono, Marin RCD provee a granjeros y rancheros con asistencia t\u00e9cnica y [&hellip;]<\/p>\n","protected":false},"author":1,"featured_media":2904,"parent":0,"menu_order":0,"comment_status":"closed","ping_status":"closed","template":"","meta":{"_et_pb_use_builder":"on","_et_pb_old_content":"<em>The Marin RCD provides farmers and ranchers with financial and\u00a0technical assistance\u00a0leading to\u00a0the implementation of carbon beneficial practices for our\u00a0Carbon Farming\u00a0Program.<\/em>\u00a0Since 2008, the RCD has been\u00a0directly involved in carbon sequestration research with our Marin Carbon Project partnership to investigate the carbon sequestration potential of local farming practices.\u00a0This work is expected to\u00a0enable farmers and ranchers to\u00a0help Marin County achieve carbon neutrality and, in turn, enhance the sustainability of agriculture.\r\n\r\nThe program\u00a0started with\u00a0three demonstration carbon farms in 2013 and this year the program has expanded!\u00a0Presently, eight Carbon Farm Plans are being written and we are going to start writing four more plans with an additional three farms in queue.\r\n\r\n<strong>How were those farms selected?<\/strong>\r\n<ul>\r\n \t<li>All farms in Marin County were sent a solicitation notice asking them if they wanted to be a demonstration Carbon Farm<\/li>\r\n \t<li>Interested\u00a0farms were visited by a Technical Advisory Committee who ranked the projects with a selection criteria. The selection criteria included but was not limited to the farm's ability to message and transfer the goals of the project and the carbon sequestration potential of the farm.<\/li>\r\n \t<li>The highest ranking farms were selected to\u00a0participate in the program.<\/li>\r\n<\/ul>\r\n<strong>The intention of this project is to follow suit with the greater Marin Carbon Project which is actively working to:<\/strong>\r\n<ul>\r\n \t<li>ensure a fair price for sequestered soil carbon for local farmers and ranchers who want to incorporate carbon farming on their land<\/li>\r\n \t<li>retain financial, environmental, and social benefits from Marin County soil sequestration within the community,<\/li>\r\n \t<li>maximize the environmental benefits of Marin soil carbon projects,<\/li>\r\n \t<li>create accountability and awareness of climate change issues,<\/li>\r\n \t<li>ensure sustainability of local food production,<\/li>\r\n \t<li>build strong rural-urban links,<\/li>\r\n \t<li>create a powerful educational resource, and<\/li>\r\n \t<li>renew optimism about the potential for positive impacts through informed actions.<\/li>\r\n<\/ul>\r\n<strong>Carbon Farm Plan templates are available for rangelands, vineyards, orchards and forests thanks to a group effort by the North Bay RCDs. Templates can be found at the various RCD's carbon farming links below:<\/strong>\r\n<ul>\r\n \t<li><a href=\"http:\/\/naparcd.org\/carbon-farm-plans\/\">Napa RCD<\/a><\/li>\r\n \t<li><a href=\"http:\/\/sonomarcd.org\/programs\/conservation-planning\/\">Sonoma RCD<\/a><\/li>\r\n \t<li><a href=\"http:\/\/mcrcd.org\/projects\/climate-beneficial-agriculture\">Mendocino RCD<\/a><\/li>\r\n \t<li><a href=\"http:\/\/www.marinrcd.org\/seq-c-program\/\">Marin RCD<\/a><\/li>\r\n \t<li><a href=\"http:\/\/www.goldridgercd.org\/htm\/carbon-farm-planning.htm\">Gold Ridge RCD<\/a><\/li>\r\n<\/ul>\r\nTo learn more\u00a0about the project, partners and groundbreaking news go to:\u00a0<a href=\"http:\/\/www.marincarbonproject.org\/\" target=\"_blank\" rel=\"noopener noreferrer\">www.marincarbonproject.com<\/a>\u00a0or contact us if you would like to participate!\r\n<h4>Thank you to the funding agencies who have supported this program:<\/h4>\r\n<ul>\r\n \t<li>The 11th Hour Foundation<\/li>\r\n \t<li>California State Coastal Conservancy<\/li>\r\n \t<li>The Water Quality, Supply, and Infrastructure Improvement Act of 2014 (Proposition 1)<\/li>\r\n \t<li>Marin Community Foundation<\/li>\r\n \t<li>USDA Natural Resources Conservation Service: Conservation Innovation Grant, Regional Conservation Partnerhship Program<\/li>\r\n \t<li>The Seed Fund<\/li>\r\n \t<li>Give a Shuck, Hog Island Oyster Co.<\/li>\r\n \t<li>The ROAR Foundation<\/li>\r\n \t<li>Marin Agricultural Land Trust's Stewardship Assistance Program<\/li>\r\n \t<li>Anonymous Foundation<\/li>\r\n<\/ul>","_et_gb_content_width":"","_monsterinsights_skip_tracking":false,"_monsterinsights_sitenote_active":false,"_monsterinsights_sitenote_note":"","_monsterinsights_sitenote_category":0,"footnotes":""},"class_list":["post-8104","page","type-page","status-publish","has-post-thumbnail","hentry"],"aioseo_notices":[],"_links":{"self":[{"href":"https:\/\/www.marinrcd.org\/programs\/home2\/wp-json\/wp\/v2\/pages\/8104","targetHints":{"allow":["GET"]}}],"collection":[{"href":"https:\/\/www.marinrcd.org\/programs\/home2\/wp-json\/wp\/v2\/pages"}],"about":[{"href":"https:\/\/www.marinrcd.org\/programs\/home2\/wp-json\/wp\/v2\/types\/page"}],"author":[{"embeddable":true,"href":"https:\/\/www.marinrcd.org\/programs\/home2\/wp-json\/wp\/v2\/users\/1"}],"replies":[{"embeddable":true,"href":"https:\/\/www.marinrcd.org\/programs\/home2\/wp-json\/wp\/v2\/comments?post=8104"}],"version-history":[{"count":10,"href":"https:\/\/www.marinrcd.org\/programs\/home2\/wp-json\/wp\/v2\/pages\/8104\/revisions"}],"predecessor-version":[{"id":8341,"href":"https:\/\/www.marinrcd.org\/programs\/home2\/wp-json\/wp\/v2\/pages\/8104\/revisions\/8341"}],"wp:featuredmedia":[{"embeddable":true,"href":"https:\/\/www.marinrcd.org\/programs\/home2\/wp-json\/wp\/v2\/media\/2904"}],"wp:attachment":[{"href":"https:\/\/www.marinrcd.org\/programs\/home2\/wp-json\/wp\/v2\/media?parent=8104"}],"curies":[{"name":"wp","href":"https:\/\/api.w.org\/{rel}","templated":true}]}}